{"id":98,"date":"2020-05-06T20:38:54","date_gmt":"2020-05-06T18:38:54","guid":{"rendered":"http:\/\/esdentstomatologia.pl\/?page_id=98"},"modified":"2020-05-28T10:40:40","modified_gmt":"2020-05-28T08:40:40","slug":"implantologia","status":"publish","type":"page","link":"https:\/\/esdentstomatologia.pl\/index.php\/implantologia\/","title":{"rendered":"Implantologia"},"content":{"rendered":"\t\t<div data-elementor-type=\"wp-page\" data-elementor-id=\"98\" class=\"elementor elementor-98\" data-elementor-settings=\"[]\">\n\t\t\t<div class=\"elementor-inner\">\n\t\t\t\t<div class=\"elementor-section-wrap\">\n\t\t\t\t\t\t\t<section class=\"elementor-element elementor-element-436f0ccd elementor-section-boxed elementor-section-height-default elementor-section-height-default elementor-section elementor-top-section\" data-id=\"436f0ccd\" data-element_type=\"section\">\n\t\t\t\t\t\t<div class=\"elementor-container elementor-column-gap-default\">\n\t\t\t\t<div class=\"elementor-row\">\n\t\t\t\t<div class=\"elementor-element elementor-element-70dc0eb7 elementor-column elementor-col-100 elementor-top-column\" data-id=\"70dc0eb7\" data-element_type=\"column\">\n\t\t\t<div class=\"elementor-column-wrap  elementor-element-populated\">\n\t\t\t\t\t<div class=\"elementor-widget-wrap\">\n\t\t\t\t<div class=\"elementor-element elementor-element-3188ba21 elementor-widget elementor-widget-heading\" data-id=\"3188ba21\" data-element_type=\"widget\" data-widget_type=\"heading.default\">\n\t\t\t\t<div class=\"elementor-widget-container\">\n\t\t\t<h2 class=\"elementor-heading-title elementor-size-default\">inplantologia<\/h2>\t\t<\/div>\n\t\t\t\t<\/div>\n\t\t\t\t\t\t<\/div>\n\t\t\t<\/div>\n\t\t<\/div>\n\t\t\t\t\t\t<\/div>\n\t\t\t<\/div>\n\t\t<\/section>\n\t\t\t\t<section class=\"elementor-element elementor-element-616b343 elementor-section-boxed elementor-section-height-default elementor-section-height-default elementor-section elementor-top-section\" data-id=\"616b343\" data-element_type=\"section\">\n\t\t\t\t\t\t<div class=\"elementor-container elementor-column-gap-default\">\n\t\t\t\t<div class=\"elementor-row\">\n\t\t\t\t<div class=\"elementor-element elementor-element-98301ca elementor-column elementor-col-50 elementor-top-column\" data-id=\"98301ca\" data-element_type=\"column\">\n\t\t\t<div class=\"elementor-column-wrap  elementor-element-populated\">\n\t\t\t\t\t<div class=\"elementor-widget-wrap\">\n\t\t\t\t<div class=\"elementor-element elementor-element-7bda646 elementor-widget elementor-widget-wp-widget-nav_menu\" data-id=\"7bda646\" data-element_type=\"widget\" data-widget_type=\"wp-widget-nav_menu.default\">\n\t\t\t\t<div class=\"elementor-widget-container\">\n\t\t\t<div class=\"menu-menu-boczne-container\"><ul id=\"menu-menu-boczne\" class=\"menu\"><li id=\"menu-item-269\" class=\"menu-item menu-item-type-post_type menu-item-object-page menu-item-269\"><a href=\"https:\/\/esdentstomatologia.pl\/index.php\/oferta\/\">Stomatologia zachowawcza<\/a><\/li>\n<li id=\"menu-item-268\" class=\"menu-item menu-item-type-post_type menu-item-object-page menu-item-268\"><a href=\"https:\/\/esdentstomatologia.pl\/index.php\/stomatologia-dziecieca\/\">Stomatologia dzieci\u0119ca<\/a><\/li>\n<li id=\"menu-item-265\" class=\"menu-item menu-item-type-post_type menu-item-object-page menu-item-265\"><a href=\"https:\/\/esdentstomatologia.pl\/index.php\/profilaktyka\/\">Profilaktyka<\/a><\/li>\n<li id=\"menu-item-264\" class=\"menu-item menu-item-type-post_type menu-item-object-page menu-item-264\"><a href=\"https:\/\/esdentstomatologia.pl\/index.php\/stomatologia-estetyczna\/\">Stomatologia estetyczna<\/a><\/li>\n<li id=\"menu-item-267\" class=\"menu-item menu-item-type-post_type menu-item-object-page menu-item-267\"><a href=\"https:\/\/esdentstomatologia.pl\/index.php\/leczenie-kanalowe\/\">Endodoncja-leczenie kana\u0142owe<\/a><\/li>\n<li id=\"menu-item-263\" class=\"menu-item menu-item-type-post_type menu-item-object-page menu-item-263\"><a href=\"https:\/\/esdentstomatologia.pl\/index.php\/protetyka\/\">Protetyka<\/a><\/li>\n<li id=\"menu-item-262\" class=\"menu-item menu-item-type-post_type menu-item-object-page menu-item-262\"><a href=\"https:\/\/esdentstomatologia.pl\/index.php\/ortodoncja\/\">Ortodoncja<\/a><\/li>\n<li id=\"menu-item-261\" class=\"menu-item menu-item-type-post_type menu-item-object-page menu-item-261\"><a href=\"https:\/\/esdentstomatologia.pl\/index.php\/chirurgia-stomatologiczna\/\">Chirurgia stomatologiczna<\/a><\/li>\n<li id=\"menu-item-266\" class=\"menu-item menu-item-type-post_type menu-item-object-page menu-item-266\"><a href=\"https:\/\/esdentstomatologia.pl\/index.php\/implantologia\/\">Implantologia<\/a><\/li>\n<li id=\"menu-item-260\" class=\"menu-item menu-item-type-post_type menu-item-object-page menu-item-260\"><a href=\"https:\/\/esdentstomatologia.pl\/index.php\/periodontologia\/\">Periodontologia<\/a><\/li>\n<li id=\"menu-item-259\" class=\"menu-item menu-item-type-post_type menu-item-object-page menu-item-259\"><a href=\"https:\/\/esdentstomatologia.pl\/index.php\/zebowe-punktowe\/\">RTG z\u0119bowe-punktowe<\/a><\/li>\n<li id=\"menu-item-258\" class=\"menu-item menu-item-type-post_type menu-item-object-page menu-item-258\"><a href=\"https:\/\/esdentstomatologia.pl\/index.php\/panoramiczne\/\">RTG panoramiczne<\/a><\/li>\n<\/ul><\/div>\t\t<\/div>\n\t\t\t\t<\/div>\n\t\t\t\t\t\t<\/div>\n\t\t\t<\/div>\n\t\t<\/div>\n\t\t\t\t<div class=\"elementor-element elementor-element-d091ec5 elementor-column elementor-col-50 elementor-top-column\" data-id=\"d091ec5\" data-element_type=\"column\">\n\t\t\t<div class=\"elementor-column-wrap  elementor-element-populated\">\n\t\t\t\t\t<div class=\"elementor-widget-wrap\">\n\t\t\t\t<div class=\"elementor-element elementor-element-b3181ff elementor-widget elementor-widget-text-editor\" data-id=\"b3181ff\" data-element_type=\"widget\" data-widget_type=\"text-editor.default\">\n\t\t\t\t<div class=\"elementor-widget-container\">\n\t\t\t\t\t<div class=\"elementor-text-editor elementor-clearfix\"><p><strong>Implant stomatologiczny<\/strong> to sztuczny korze\u0144 z\u0119ba wykonany z tytanu. To on tworzy podstaw\u0119 do korony, czyli widocznej cz\u0119\u015bci z\u0119ba. Poniewa\u017c mo\u017cna dopasowa\u0107 kolor kszta\u0142t oraz kontur korony do s\u0105siaduj\u0105cych z\u0119b\u00f3w, wszczepienie implantu jest najbardziej skuteczn\u0105 metod\u0105 odbudowy brakuj\u0105cych z\u0119b\u00f3w.<\/p><\/div>\n\t\t\t\t<\/div>\n\t\t\t\t<\/div>\n\t\t\t\t\t\t<\/div>\n\t\t\t<\/div>\n\t\t<\/div>\n\t\t\t\t\t\t<\/div>\n\t\t\t<\/div>\n\t\t<\/section>\n\t\t\t\t\t\t<\/div>\n\t\t\t<\/div>\n\t\t<\/div>\n\t\t","protected":false},"excerpt":{"rendered":"<p>inplantologia Implant stomatologiczny to sztuczny korze\u0144 z\u0119ba wykonany z tytanu. To on tworzy podstaw\u0119 do korony, czyli widocznej cz\u0119\u015bci z\u0119ba. Poniewa\u017c mo\u017cna dopasowa\u0107 kolor kszta\u0142t oraz kontur korony do s\u0105siaduj\u0105cych z\u0119b\u00f3w, wszczepienie implantu jest najbardziej skuteczn\u0105 metod\u0105 odbudowy brakuj\u0105cych z\u0119b\u00f3w.<\/p>\n","protected":false},"author":1,"featured_media":0,"parent":0,"menu_order":0,"comment_status":"closed","ping_status":"closed","template":"","meta":[],"_links":{"self":[{"href":"https:\/\/esdentstomatologia.pl\/index.php\/wp-json\/wp\/v2\/pages\/98"}],"collection":[{"href":"https:\/\/esdentstomatologia.pl\/index.php\/wp-json\/wp\/v2\/pages"}],"about":[{"href":"https:\/\/esdentstomatologia.pl\/index.php\/wp-json\/wp\/v2\/types\/page"}],"author":[{"embeddable":true,"href":"https:\/\/esdentstomatologia.pl\/index.php\/wp-json\/wp\/v2\/users\/1"}],"replies":[{"embeddable":true,"href":"https:\/\/esdentstomatologia.pl\/index.php\/wp-json\/wp\/v2\/comments?post=98"}],"version-history":[{"count":4,"href":"https:\/\/esdentstomatologia.pl\/index.php\/wp-json\/wp\/v2\/pages\/98\/revisions"}],"predecessor-version":[{"id":281,"href":"https:\/\/esdentstomatologia.pl\/index.php\/wp-json\/wp\/v2\/pages\/98\/revisions\/281"}],"wp:attachment":[{"href":"https:\/\/esdentstomatologia.pl\/index.php\/wp-json\/wp\/v2\/media?parent=98"}],"curies":[{"name":"wp","href":"https:\/\/api.w.org\/{rel}","templated":true}]}}