{"id":96,"date":"2020-05-06T20:35:13","date_gmt":"2020-05-06T18:35:13","guid":{"rendered":"http:\/\/esdentstomatologia.pl\/?page_id=96"},"modified":"2021-06-10T16:01:14","modified_gmt":"2021-06-10T14:01:14","slug":"leczenie-kanalowe","status":"publish","type":"page","link":"https:\/\/esdentstomatologia.pl\/index.php\/leczenie-kanalowe\/","title":{"rendered":"Endodoncja-leczenie kana\u0142owe"},"content":{"rendered":"\t\t<div data-elementor-type=\"wp-page\" data-elementor-id=\"96\" class=\"elementor elementor-96\" data-elementor-settings=\"[]\">\n\t\t\t<div class=\"elementor-inner\">\n\t\t\t\t<div class=\"elementor-section-wrap\">\n\t\t\t\t\t\t\t<section class=\"elementor-element elementor-element-aa50ff elementor-section-boxed elementor-section-height-default elementor-section-height-default elementor-section elementor-top-section\" data-id=\"aa50ff\" data-element_type=\"section\">\n\t\t\t\t\t\t<div class=\"elementor-container elementor-column-gap-default\">\n\t\t\t\t<div class=\"elementor-row\">\n\t\t\t\t<div class=\"elementor-element elementor-element-7e0c272b elementor-column elementor-col-100 elementor-top-column\" data-id=\"7e0c272b\" data-element_type=\"column\">\n\t\t\t<div class=\"elementor-column-wrap  elementor-element-populated\">\n\t\t\t\t\t<div class=\"elementor-widget-wrap\">\n\t\t\t\t<div class=\"elementor-element elementor-element-7f7fa250 elementor-widget elementor-widget-heading\" data-id=\"7f7fa250\" data-element_type=\"widget\" data-widget_type=\"heading.default\">\n\t\t\t\t<div class=\"elementor-widget-container\">\n\t\t\t<h2 class=\"elementor-heading-title elementor-size-default\">endodoncja leczenie kana\u0142owe<\/h2>\t\t<\/div>\n\t\t\t\t<\/div>\n\t\t\t\t\t\t<\/div>\n\t\t\t<\/div>\n\t\t<\/div>\n\t\t\t\t\t\t<\/div>\n\t\t\t<\/div>\n\t\t<\/section>\n\t\t\t\t<section class=\"elementor-element elementor-element-52304ce elementor-section-boxed elementor-section-height-default elementor-section-height-default elementor-section elementor-top-section\" data-id=\"52304ce\" data-element_type=\"section\">\n\t\t\t\t\t\t<div class=\"elementor-container elementor-column-gap-default\">\n\t\t\t\t<div class=\"elementor-row\">\n\t\t\t\t<div class=\"elementor-element elementor-element-16e7765f elementor-column elementor-col-50 elementor-top-column\" data-id=\"16e7765f\" data-element_type=\"column\" data-settings=\"{&quot;background_background&quot;:&quot;classic&quot;}\">\n\t\t\t<div class=\"elementor-column-wrap  elementor-element-populated\">\n\t\t\t\t\t<div class=\"elementor-widget-wrap\">\n\t\t\t\t<div class=\"elementor-element elementor-element-7fdfa1d9 elementor-widget elementor-widget-wp-widget-nav_menu\" data-id=\"7fdfa1d9\" data-element_type=\"widget\" data-widget_type=\"wp-widget-nav_menu.default\">\n\t\t\t\t<div class=\"elementor-widget-container\">\n\t\t\t<div class=\"menu-menu-boczne-container\"><ul id=\"menu-menu-boczne\" class=\"menu\"><li id=\"menu-item-269\" class=\"menu-item menu-item-type-post_type menu-item-object-page menu-item-269\"><a href=\"https:\/\/esdentstomatologia.pl\/index.php\/oferta\/\">Stomatologia zachowawcza<\/a><\/li>\n<li id=\"menu-item-268\" class=\"menu-item menu-item-type-post_type menu-item-object-page menu-item-268\"><a href=\"https:\/\/esdentstomatologia.pl\/index.php\/stomatologia-dziecieca\/\">Stomatologia dzieci\u0119ca<\/a><\/li>\n<li id=\"menu-item-265\" class=\"menu-item menu-item-type-post_type menu-item-object-page menu-item-265\"><a href=\"https:\/\/esdentstomatologia.pl\/index.php\/profilaktyka\/\">Profilaktyka<\/a><\/li>\n<li id=\"menu-item-264\" class=\"menu-item menu-item-type-post_type menu-item-object-page menu-item-264\"><a href=\"https:\/\/esdentstomatologia.pl\/index.php\/stomatologia-estetyczna\/\">Stomatologia estetyczna<\/a><\/li>\n<li id=\"menu-item-267\" class=\"menu-item menu-item-type-post_type menu-item-object-page menu-item-267\"><a href=\"https:\/\/esdentstomatologia.pl\/index.php\/leczenie-kanalowe\/\">Endodoncja-leczenie kana\u0142owe<\/a><\/li>\n<li id=\"menu-item-263\" class=\"menu-item menu-item-type-post_type menu-item-object-page menu-item-263\"><a href=\"https:\/\/esdentstomatologia.pl\/index.php\/protetyka\/\">Protetyka<\/a><\/li>\n<li id=\"menu-item-262\" class=\"menu-item menu-item-type-post_type menu-item-object-page menu-item-262\"><a href=\"https:\/\/esdentstomatologia.pl\/index.php\/ortodoncja\/\">Ortodoncja<\/a><\/li>\n<li id=\"menu-item-261\" class=\"menu-item menu-item-type-post_type menu-item-object-page menu-item-261\"><a href=\"https:\/\/esdentstomatologia.pl\/index.php\/chirurgia-stomatologiczna\/\">Chirurgia stomatologiczna<\/a><\/li>\n<li id=\"menu-item-266\" class=\"menu-item menu-item-type-post_type menu-item-object-page menu-item-266\"><a href=\"https:\/\/esdentstomatologia.pl\/index.php\/implantologia\/\">Implantologia<\/a><\/li>\n<li id=\"menu-item-260\" class=\"menu-item menu-item-type-post_type menu-item-object-page menu-item-260\"><a href=\"https:\/\/esdentstomatologia.pl\/index.php\/periodontologia\/\">Periodontologia<\/a><\/li>\n<li id=\"menu-item-259\" class=\"menu-item menu-item-type-post_type menu-item-object-page menu-item-259\"><a href=\"https:\/\/esdentstomatologia.pl\/index.php\/zebowe-punktowe\/\">RTG z\u0119bowe-punktowe<\/a><\/li>\n<li id=\"menu-item-258\" class=\"menu-item menu-item-type-post_type menu-item-object-page menu-item-258\"><a href=\"https:\/\/esdentstomatologia.pl\/index.php\/panoramiczne\/\">RTG panoramiczne<\/a><\/li>\n<\/ul><\/div>\t\t<\/div>\n\t\t\t\t<\/div>\n\t\t\t\t\t\t<\/div>\n\t\t\t<\/div>\n\t\t<\/div>\n\t\t\t\t<div class=\"elementor-element elementor-element-5aee8b47 elementor-column elementor-col-50 elementor-top-column\" data-id=\"5aee8b47\" data-element_type=\"column\">\n\t\t\t<div class=\"elementor-column-wrap  elementor-element-populated\">\n\t\t\t\t\t<div class=\"elementor-widget-wrap\">\n\t\t\t\t<div class=\"elementor-element elementor-element-7f8767f2 elementor-widget elementor-widget-text-editor\" data-id=\"7f8767f2\" data-element_type=\"widget\" data-widget_type=\"text-editor.default\">\n\t\t\t\t<div class=\"elementor-widget-container\">\n\t\t\t\t\t<div class=\"elementor-text-editor elementor-clearfix\"><div><strong>Leczenie kana\u0142owe<\/strong> &#8211; wymagane jest w przypadku choroby mi\u0119kkiej tkanki z\u0119ba, czyli miazgi. Tkanka ta wype\u0142nia jam\u0119 z\u0119ba, jest bogato unaczyniona i unerwiona, spe\u0142nia funkcj\u0119 czuciow\u0105, obronn\u0105 oraz od\u017cywiania. Przyczynami jej chor\u00f3b s\u0105 bakterie- mog\u0105ce przenika\u0107 od strony ubytku pr\u00f3chnicowego, przez obna\u017con\u0105 z\u0119bin\u0119, bezpo\u015brednio do miazgi po jej urazowym obna\u017ceniu, przez kieszonk\u0119 patologiczn\u0105 oraz czynniki niezaka\u017ane- bod\u017ace mechaniczne, termiczne i chemiczne. Objawami stanu zapalnego jest b\u00f3l.<\/div><div>Leczenie kana\u0142owe w naszym gabinecie sk\u0142ada si\u0119 z kilku etap\u00f3w. Pierwszym jest zdiagnozowanie pacjenta, nast\u0119pnie wykonanie zdj\u0119cia rtg w celu weryfikacji ilo\u015bci oraz morfologii kana\u0142\u00f3w korzeniowych, usuni\u0119cie zmienionej pr\u00f3chnicowo tkanki, dost\u0119p do komory, w kt\u00f3rej znajduje si\u0119 miazga, usuni\u0119cie chorej tkanki, opracowanie kana\u0142\u00f3w a nast\u0119pnie wype\u0142nienie gutaperk\u0105. Ko\u0144cowym etapem jest wykonanie kontrolnego zdj\u0119cia rtg oraz odbudowa korony z\u0119ba. Szczelna odbudowa korony z\u0119ba jest dodatkowym\u00a0 warunkiem sukcesu leczenia kana\u0142owego.<\/div><\/div>\n\t\t\t\t<\/div>\n\t\t\t\t<\/div>\n\t\t\t\t\t\t<\/div>\n\t\t\t<\/div>\n\t\t<\/div>\n\t\t\t\t\t\t<\/div>\n\t\t\t<\/div>\n\t\t<\/section>\n\t\t\t\t\t\t<\/div>\n\t\t\t<\/div>\n\t\t<\/div>\n\t\t","protected":false},"excerpt":{"rendered":"<p>endodoncja leczenie kana\u0142owe Leczenie kana\u0142owe &#8211; wymagane jest w przypadku choroby mi\u0119kkiej tkanki z\u0119ba, czyli miazgi. Tkanka ta wype\u0142nia jam\u0119 z\u0119ba, jest bogato unaczyniona i unerwiona, spe\u0142nia funkcj\u0119 czuciow\u0105, obronn\u0105 oraz od\u017cywiania. Przyczynami jej chor\u00f3b s\u0105 bakterie- mog\u0105ce przenika\u0107 od strony ubytku pr\u00f3chnicowego, przez obna\u017con\u0105 z\u0119bin\u0119, bezpo\u015brednio do miazgi po jej urazowym obna\u017ceniu, przez kieszonk\u0119 &hellip;<\/p>\n<p class=\"read-more\"> <a class=\"\" href=\"https:\/\/esdentstomatologia.pl\/index.php\/leczenie-kanalowe\/\"> <span class=\"screen-reader-text\">Endodoncja-leczenie kana\u0142owe<\/span> Read More &raquo;<\/a><\/p>\n","protected":false},"author":1,"featured_media":0,"parent":0,"menu_order":0,"comment_status":"closed","ping_status":"closed","template":"","meta":[],"_links":{"self":[{"href":"https:\/\/esdentstomatologia.pl\/index.php\/wp-json\/wp\/v2\/pages\/96"}],"collection":[{"href":"https:\/\/esdentstomatologia.pl\/index.php\/wp-json\/wp\/v2\/pages"}],"about":[{"href":"https:\/\/esdentstomatologia.pl\/index.php\/wp-json\/wp\/v2\/types\/page"}],"author":[{"embeddable":true,"href":"https:\/\/esdentstomatologia.pl\/index.php\/wp-json\/wp\/v2\/users\/1"}],"replies":[{"embeddable":true,"href":"https:\/\/esdentstomatologia.pl\/index.php\/wp-json\/wp\/v2\/comments?post=96"}],"version-history":[{"count":3,"href":"https:\/\/esdentstomatologia.pl\/index.php\/wp-json\/wp\/v2\/pages\/96\/revisions"}],"predecessor-version":[{"id":406,"href":"https:\/\/esdentstomatologia.pl\/index.php\/wp-json\/wp\/v2\/pages\/96\/revisions\/406"}],"wp:attachment":[{"href":"https:\/\/esdentstomatologia.pl\/index.php\/wp-json\/wp\/v2\/media?parent=96"}],"curies":[{"name":"wp","href":"https:\/\/api.w.org\/{rel}","templated":true}]}}