{"id":6,"date":"2020-04-03T17:10:23","date_gmt":"2020-04-03T15:10:23","guid":{"rendered":"http:\/\/esdentstomatologia.pl\/?page_id=6"},"modified":"2021-06-10T18:14:40","modified_gmt":"2021-06-10T16:14:40","slug":"o-nas","status":"publish","type":"page","link":"https:\/\/esdentstomatologia.pl\/index.php\/o-nas\/","title":{"rendered":"O nas"},"content":{"rendered":"\t\t<div data-elementor-type=\"wp-page\" data-elementor-id=\"6\" class=\"elementor elementor-6\" data-elementor-settings=\"[]\">\n\t\t\t<div class=\"elementor-inner\">\n\t\t\t\t<div class=\"elementor-section-wrap\">\n\t\t\t\t\t\t\t<section class=\"elementor-element elementor-element-5a7e538 elementor-section-boxed elementor-section-height-default elementor-section-height-default elementor-section elementor-top-section\" data-id=\"5a7e538\" data-element_type=\"section\" data-settings=\"{&quot;background_background&quot;:&quot;classic&quot;}\">\n\t\t\t\t\t\t<div class=\"elementor-container elementor-column-gap-default\">\n\t\t\t\t<div class=\"elementor-row\">\n\t\t\t\t<div class=\"elementor-element elementor-element-9ec3388 elementor-column elementor-col-50 elementor-top-column\" data-id=\"9ec3388\" data-element_type=\"column\">\n\t\t\t<div class=\"elementor-column-wrap  elementor-element-populated\">\n\t\t\t\t\t<div class=\"elementor-widget-wrap\">\n\t\t\t\t<div class=\"elementor-element elementor-element-9c47946 elementor-widget elementor-widget-heading\" data-id=\"9c47946\" data-element_type=\"widget\" data-widget_type=\"heading.default\">\n\t\t\t\t<div class=\"elementor-widget-container\">\n\t\t\t<h2 class=\"elementor-heading-title elementor-size-default\">O nas<\/h2>\t\t<\/div>\n\t\t\t\t<\/div>\n\t\t\t\t<div class=\"elementor-element elementor-element-b66abfa elementor-widget elementor-widget-text-editor\" data-id=\"b66abfa\" data-element_type=\"widget\" data-widget_type=\"text-editor.default\">\n\t\t\t\t<div class=\"elementor-widget-container\">\n\t\t\t\t\t<div class=\"elementor-text-editor elementor-clearfix\"><p>25 lat do\u015bwiadczenia, ci\u0105g\u0142ego rozwoju i pog\u0142\u0119biania zdobytej wiedzy.<\/p><p>Esdent to w pe\u0142ni wyposa\u017cone w najnowocze\u015bniejsze urz\u0105dzenia gabinety stomatologiczne.<\/p><p>Dysponujemy gronem\u00a0 wykwalifikowanych i ci\u0105gle dokszta\u0142caj\u0105cych si\u0119 stomatolog\u00f3w.<\/p><p>\u015bwiadczymy us\u0142ugi\u00a0 we wszystkich dziedzinach stomatologii. Szczeg\u00f3lna uwag\u0119 przywi\u0105zujemy do indywidualnego podej\u015bcia do ka\u017cdego pacjenta oraz do wysokiej jako\u015bci us\u0142ug, kt\u00f3re realizujemy w oparciu o najwy\u017csze standardy leczenia, zgodne z aktualn\u0105 wiedz\u0105 z dziedziny stomatologii.<\/p><p>Us\u0142ugi nasze s\u0105 realizowane przez do\u015bwiadczonych i kompetentnych stomatolog\u00f3w nieprzerwanie pog\u0142\u0119biaj\u0105cych wiedz\u0119 na mi\u0119dzynarodowych kongresach specjalistycznych.<\/p><p>Nasi lekarze gwarantuj\u0105 indywidualne i serdeczne podej\u015bcie do ka\u017cdego pacjenta oraz zapewniaj\u0105 pe\u0142n\u0105 informacj\u0119 na ka\u017cdym etapie leczenia.<\/p><p>Do dyspozycji Pa\u0144stwa s\u0105 cztery w pe\u0142ni wyposa\u017cone gabinety stomatologiczne, mikroskop oraz dwa gabinety rentgenowskie, wykonujemy zdj\u0119cia panoramiczne oraz pojedyncze z\u0119bowe.<\/p><\/div>\n\t\t\t\t<\/div>\n\t\t\t\t<\/div>\n\t\t\t\t\t\t<\/div>\n\t\t\t<\/div>\n\t\t<\/div>\n\t\t\t\t<div class=\"elementor-element elementor-element-fbf1727 elementor-column elementor-col-50 elementor-top-column\" data-id=\"fbf1727\" data-element_type=\"column\">\n\t\t\t<div class=\"elementor-column-wrap  elementor-element-populated\">\n\t\t\t\t\t<div class=\"elementor-widget-wrap\">\n\t\t\t\t<div class=\"elementor-element elementor-element-b115207 elementor-align-right elementor-widget elementor-widget-button\" data-id=\"b115207\" data-element_type=\"widget\" data-widget_type=\"button.default\">\n\t\t\t\t<div class=\"elementor-widget-container\">\n\t\t\t\t\t<div class=\"elementor-button-wrapper\">\n\t\t\t<a href=\"tel:914235015\" target=\"_blank\" class=\"elementor-button-link elementor-button elementor-size-xs\" role=\"button\">\n\t\t\t\t\t\t<span class=\"elementor-button-content-wrapper\">\n\t\t\t\t\t\t<span class=\"elementor-button-icon elementor-align-icon-left\">\n\t\t\t\t<i aria-hidden=\"true\" class=\"fas fa-phone-alt\"><\/i>\t\t\t<\/span>\n\t\t\t\t\t\t<span class=\"elementor-button-text\">91 423 50 15<\/span>\n\t\t<\/span>\n\t\t\t\t\t<\/a>\n\t\t<\/div>\n\t\t\t\t<\/div>\n\t\t\t\t<\/div>\n\t\t\t\t<div class=\"elementor-element elementor-element-58470e2 elementor-widget elementor-widget-image\" data-id=\"58470e2\" data-element_type=\"widget\" data-widget_type=\"image.default\">\n\t\t\t\t<div class=\"elementor-widget-container\">\n\t\t\t\t\t<div class=\"elementor-image\">\n\t\t\t\t\t\t\t\t\t\t<img src=\"https:\/\/esdentstomatologia.pl\/wp-content\/uploads\/2020\/05\/Esdent-152616-scaled.jpg\" title=\"Esdent-152616\" alt=\"Esdent-152616\" \/>\t\t\t\t\t\t\t\t\t\t\t<\/div>\n\t\t\t\t<\/div>\n\t\t\t\t<\/div>\n\t\t\t\t<div class=\"elementor-element elementor-element-4d3ba4e elementor-widget elementor-widget-spacer\" data-id=\"4d3ba4e\" data-element_type=\"widget\" data-widget_type=\"spacer.default\">\n\t\t\t\t<div class=\"elementor-widget-container\">\n\t\t\t\t\t<div class=\"elementor-spacer\">\n\t\t\t<div class=\"elementor-spacer-inner\"><\/div>\n\t\t<\/div>\n\t\t\t\t<\/div>\n\t\t\t\t<\/div>\n\t\t\t\t<div class=\"elementor-element elementor-element-f27cb1e elementor-widget elementor-widget-image\" data-id=\"f27cb1e\" data-element_type=\"widget\" data-widget_type=\"image.default\">\n\t\t\t\t<div class=\"elementor-widget-container\">\n\t\t\t\t\t<div class=\"elementor-image\">\n\t\t\t\t\t\t\t\t\t\t<img src=\"https:\/\/esdentstomatologia.pl\/wp-content\/uploads\/elementor\/thumbs\/Esdent-9-of-12-pghzc1onbwzzv350cvfujxid46xvs88tcu39b9icn0.jpg\" title=\"\" alt=\"Esdent stomatologia Szczecin\" \/>\t\t\t\t\t\t\t\t\t\t\t<\/div>\n\t\t\t\t<\/div>\n\t\t\t\t<\/div>\n\t\t\t\t\t\t<\/div>\n\t\t\t<\/div>\n\t\t<\/div>\n\t\t\t\t\t\t<\/div>\n\t\t\t<\/div>\n\t\t<\/section>\n\t\t\t\t\t\t<\/div>\n\t\t\t<\/div>\n\t\t<\/div>\n\t\t","protected":false},"excerpt":{"rendered":"<p>O nas 25 lat do\u015bwiadczenia, ci\u0105g\u0142ego rozwoju i pog\u0142\u0119biania zdobytej wiedzy. Esdent to w pe\u0142ni wyposa\u017cone w najnowocze\u015bniejsze urz\u0105dzenia gabinety stomatologiczne. Dysponujemy gronem\u00a0 wykwalifikowanych i ci\u0105gle dokszta\u0142caj\u0105cych si\u0119 stomatolog\u00f3w. \u015bwiadczymy us\u0142ugi\u00a0 we wszystkich dziedzinach stomatologii. Szczeg\u00f3lna uwag\u0119 przywi\u0105zujemy do indywidualnego podej\u015bcia do ka\u017cdego pacjenta oraz do wysokiej jako\u015bci us\u0142ug, kt\u00f3re realizujemy w oparciu o najwy\u017csze &hellip;<\/p>\n<p class=\"read-more\"> <a class=\"\" href=\"https:\/\/esdentstomatologia.pl\/index.php\/o-nas\/\"> <span class=\"screen-reader-text\">O nas<\/span> Read More &raquo;<\/a><\/p>\n","protected":false},"author":1,"featured_media":0,"parent":0,"menu_order":0,"comment_status":"closed","ping_status":"closed","template":"elementor_header_footer","meta":[],"_links":{"self":[{"href":"https:\/\/esdentstomatologia.pl\/index.php\/wp-json\/wp\/v2\/pages\/6"}],"collection":[{"href":"https:\/\/esdentstomatologia.pl\/index.php\/wp-json\/wp\/v2\/pages"}],"about":[{"href":"https:\/\/esdentstomatologia.pl\/index.php\/wp-json\/wp\/v2\/types\/page"}],"author":[{"embeddable":true,"href":"https:\/\/esdentstomatologia.pl\/index.php\/wp-json\/wp\/v2\/users\/1"}],"replies":[{"embeddable":true,"href":"https:\/\/esdentstomatologia.pl\/index.php\/wp-json\/wp\/v2\/comments?post=6"}],"version-history":[{"count":21,"href":"https:\/\/esdentstomatologia.pl\/index.php\/wp-json\/wp\/v2\/pages\/6\/revisions"}],"predecessor-version":[{"id":408,"href":"https:\/\/esdentstomatologia.pl\/index.php\/wp-json\/wp\/v2\/pages\/6\/revisions\/408"}],"wp:attachment":[{"href":"https:\/\/esdentstomatologia.pl\/index.php\/wp-json\/wp\/v2\/media?parent=6"}],"curies":[{"name":"wp","href":"https:\/\/api.w.org\/{rel}","templated":true}]}}