{"id":31,"date":"2024-05-22T10:56:35","date_gmt":"2024-05-22T08:56:35","guid":{"rendered":"http:\/\/esdentstomatologia.pl\/?page_id=31"},"modified":"2024-05-23T07:53:57","modified_gmt":"2024-05-23T05:53:57","slug":"rtg-inf-prawna","status":"publish","type":"page","link":"https:\/\/esdentstomatologia.pl\/index.php\/rtg-inf-prawna\/","title":{"rendered":"RTG inf. prawna"},"content":{"rendered":"\t\t<div data-elementor-type=\"wp-post\" data-elementor-id=\"31\" class=\"elementor elementor-31\" data-elementor-settings=\"[]\">\n\t\t\t<div class=\"elementor-inner\">\n\t\t\t\t<div class=\"elementor-section-wrap\">\n\t\t\t\t\t\t\t<section class=\"elementor-element elementor-element-eceaf87 elementor-section-boxed elementor-section-height-default elementor-section-height-default elementor-section elementor-top-section\" data-id=\"eceaf87\" data-element_type=\"section\">\n\t\t\t\t\t\t<div class=\"elementor-container elementor-column-gap-default\">\n\t\t\t\t<div class=\"elementor-row\">\n\t\t\t\t<div class=\"elementor-element elementor-element-96a5c54 elementor-column elementor-col-100 elementor-top-column\" data-id=\"96a5c54\" data-element_type=\"column\">\n\t\t\t<div class=\"elementor-column-wrap  elementor-element-populated\">\n\t\t\t\t\t<div class=\"elementor-widget-wrap\">\n\t\t\t\t<div class=\"elementor-element elementor-element-8318c1f elementor-widget elementor-widget-text-editor\" data-id=\"8318c1f\" data-element_type=\"widget\" data-widget_type=\"text-editor.default\">\n\t\t\t\t<div class=\"elementor-widget-container\">\n\t\t\t\t\t<div class=\"elementor-text-editor elementor-clearfix\"><p><strong>Informacja o wp\u0142ywie dzia\u0142alno\u015bci wykonywanej przez jednostk\u0119 organizacyjn\u0105 na zdrowie ludzi i na \u015brodowisko<\/strong><\/p>\n<p style=\"text-align: center;\">NIEPUBLICZNY ZAK\u0141AD<br>OPIEKI STOMATOLOGICZNEJ<br><strong>ESDENT<br><\/strong>71-467 Szczecin, ul. Rapackiego<\/p>\n<p>Podstawa prawna: ustawa Prawo atomowe (Dz.U. 2019 poz. 1792) zgodnie z art. 32c pkt.2<\/p>\n<p>Jednostka&nbsp; wykonuje dzia\u0142alno\u015b\u0107 zwi\u0105zan\u0105 z nara\u017ceniem na promieniowanie jonizuj\u0105ce, polegaj\u0105ce na:<\/p>\n<ul>\n<li>uruchamianiu i stosowaniu urz\u0105dze\u0144 wytwarzaj\u0105cych promieniowanie jonizuj\u0105ce;<\/li>\n<\/ul>\n<p>aparat do zdj\u0119\u0107 wewn\u0105trzustnych GENDEX 765 DC, decyzja PWIS nr 25\/2004<\/p>\n<p>aparat do zdj\u0119\u0107 pantomograficznych Kavo PCX-1, PWIS decyzja nr 168\/20<\/p>\n<ul>\n<li>uruchamianiu pracowni, decyzja PWIS 169\/20<\/li>\n<\/ul>\n<p>Jednostka uzyska\u0142a zgod\u0119 PWIS \u2013 decyzja z dnia 83\/21 na prowadzenie dzia\u0142alno\u015bci zwi\u0105zanej z nara\u017ceniem na promieniowanie jonizuj\u0105ce w celach medycznych polegaj\u0105cej na udzielaniu \u015bwiadcze\u0144 zdrowotnych z zakresu bada\u0144 rentgenodiagnostycznych<\/p>\n<p>Jednostka prowadzi kontrol\u0119 nara\u017cenia pracownik\u00f3w przy pomocy dawkomierzy indywidualnych: w ci\u0105gu minionych 12 miesi\u0119cy zmierzona dawka efektywna wynios\u0142a:&nbsp;<span style=\"font-size: 15px;\">&lt; 0,1 mSv<\/span><\/p>\n<p>Jednostka wykonuje pomiary dozymetryczne os\u0142on sta\u0142ych przeprowadza co roku ocen\u0119 nara\u017cenia na promieniowanie.<\/p>\n<p>Rozporz\u0105dzenie Rady Ministr\u00f3w w sprawie &nbsp;dawek granicznych promieniowania jonizuj\u0105cego (Dz.U z 2005 poz.168):<\/p>\n<p>dopuszczalna warto\u015b\u0107 nara\u017cenia na promieniowanie jonizuj\u0105ce wynosi:<\/p>\n<ul>\n<li>pracownicy: 20mSv\/rok;<\/li>\n<li>og\u00f3\u0142 ludno\u015bci: 1mSv\/rok.<\/li>\n<\/ul>\n<p><strong>Kierownik jednostki organizacyjnej zapewnia wykonywanie dzia\u0142alno\u015bci zwi\u0105zanej z&nbsp;nara\u017ceniem zgodnie z zasad\u0105 optymalizacji wymagaj\u0105c\u0105, \u017ceby \u2013 przy rozs\u0105dnym uwzgl\u0119dnieniu czynnik\u00f3w ekonomicznych i spo\u0142ecznych oraz aktualnego stanu wiedzy technicznej \u2013 liczba nara\u017conych pracownik\u00f3w i os\u00f3b z og\u00f3\u0142u ludno\u015bci oraz&nbsp;prawdopodobie\u0144stwo ich nara\u017cenia by\u0142y jak najmniejsze, a otrzymywane przez&nbsp;nich dawki promieniowania jonizuj\u0105cego by\u0142y mo\u017cliwie ma\u0142e.<\/strong><\/p>\n<p>Na podstawie zmierzonych i obliczonych dawek stwierdza si\u0119, \u017ce dzia\u0142alno\u015b\u0107 w minionych 12 miesi\u0105cach nie mia\u0142a negatywnego wp\u0142ywu na zdrowie ludzi i \u015brodowisko.<\/p>\n<p>Pracownia nie uwalnia do \u015brodowiska substancji promieniotw\u00f3rczych.<\/p><\/div>\n\t\t\t\t<\/div>\n\t\t\t\t<\/div>\n\t\t\t\t\t\t<\/div>\n\t\t\t<\/div>\n\t\t<\/div>\n\t\t\t\t\t\t<\/div>\n\t\t\t<\/div>\n\t\t<\/section>\n\t\t\t\t\t\t<\/div>\n\t\t\t<\/div>\n\t\t<\/div>\n\t\t","protected":false},"excerpt":{"rendered":"<p>Informacja o wp\u0142ywie dzia\u0142alno\u015bci wykonywanej przez jednostk\u0119 organizacyjn\u0105 na zdrowie ludzi i na \u015brodowisko NIEPUBLICZNY ZAK\u0141ADOPIEKI STOMATOLOGICZNEJESDENT71-467 Szczecin, ul. Rapackiego Podstawa prawna: ustawa Prawo atomowe (Dz.U. 2019 poz. 1792) zgodnie z art. 32c pkt.2 Jednostka&nbsp; wykonuje dzia\u0142alno\u015b\u0107 zwi\u0105zan\u0105 z nara\u017ceniem na promieniowanie jonizuj\u0105ce, polegaj\u0105ce na: uruchamianiu i stosowaniu urz\u0105dze\u0144 wytwarzaj\u0105cych promieniowanie jonizuj\u0105ce; aparat do zdj\u0119\u0107 &hellip;<\/p>\n<p class=\"read-more\"> <a class=\"\" href=\"https:\/\/esdentstomatologia.pl\/index.php\/rtg-inf-prawna\/\"> <span class=\"screen-reader-text\">RTG inf. prawna<\/span> Read More &raquo;<\/a><\/p>\n","protected":false},"author":1,"featured_media":0,"parent":0,"menu_order":0,"comment_status":"closed","ping_status":"closed","template":"","meta":[],"_links":{"self":[{"href":"https:\/\/esdentstomatologia.pl\/index.php\/wp-json\/wp\/v2\/pages\/31"}],"collection":[{"href":"https:\/\/esdentstomatologia.pl\/index.php\/wp-json\/wp\/v2\/pages"}],"about":[{"href":"https:\/\/esdentstomatologia.pl\/index.php\/wp-json\/wp\/v2\/types\/page"}],"author":[{"embeddable":true,"href":"https:\/\/esdentstomatologia.pl\/index.php\/wp-json\/wp\/v2\/users\/1"}],"replies":[{"embeddable":true,"href":"https:\/\/esdentstomatologia.pl\/index.php\/wp-json\/wp\/v2\/comments?post=31"}],"version-history":[{"count":6,"href":"https:\/\/esdentstomatologia.pl\/index.php\/wp-json\/wp\/v2\/pages\/31\/revisions"}],"predecessor-version":[{"id":494,"href":"https:\/\/esdentstomatologia.pl\/index.php\/wp-json\/wp\/v2\/pages\/31\/revisions\/494"}],"wp:attachment":[{"href":"https:\/\/esdentstomatologia.pl\/index.php\/wp-json\/wp\/v2\/media?parent=31"}],"curies":[{"name":"wp","href":"https:\/\/api.w.org\/{rel}","templated":true}]}}