{"id":131,"date":"2020-05-10T16:00:05","date_gmt":"2020-05-10T14:00:05","guid":{"rendered":"http:\/\/esdentstomatologia.pl\/?page_id=131"},"modified":"2021-06-10T18:17:20","modified_gmt":"2021-06-10T16:17:20","slug":"ortodoncja","status":"publish","type":"page","link":"https:\/\/esdentstomatologia.pl\/index.php\/ortodoncja\/","title":{"rendered":"Ortodoncja"},"content":{"rendered":"\t\t<div data-elementor-type=\"wp-page\" data-elementor-id=\"131\" class=\"elementor elementor-131\" data-elementor-settings=\"[]\">\n\t\t\t<div class=\"elementor-inner\">\n\t\t\t\t<div class=\"elementor-section-wrap\">\n\t\t\t\t\t\t\t<section class=\"elementor-element elementor-element-b3591ef elementor-section-boxed elementor-section-height-default elementor-section-height-default elementor-section elementor-top-section\" data-id=\"b3591ef\" data-element_type=\"section\">\n\t\t\t\t\t\t<div class=\"elementor-container elementor-column-gap-default\">\n\t\t\t\t<div class=\"elementor-row\">\n\t\t\t\t<div class=\"elementor-element elementor-element-a1c9551 elementor-column elementor-col-100 elementor-top-column\" data-id=\"a1c9551\" data-element_type=\"column\">\n\t\t\t<div class=\"elementor-column-wrap  elementor-element-populated\">\n\t\t\t\t\t<div class=\"elementor-widget-wrap\">\n\t\t\t\t<div class=\"elementor-element elementor-element-ce8b2db elementor-widget elementor-widget-heading\" data-id=\"ce8b2db\" data-element_type=\"widget\" data-widget_type=\"heading.default\">\n\t\t\t\t<div class=\"elementor-widget-container\">\n\t\t\t<h2 class=\"elementor-heading-title elementor-size-default\">Ortodoncja<\/h2>\t\t<\/div>\n\t\t\t\t<\/div>\n\t\t\t\t\t\t<\/div>\n\t\t\t<\/div>\n\t\t<\/div>\n\t\t\t\t\t\t<\/div>\n\t\t\t<\/div>\n\t\t<\/section>\n\t\t\t\t<section class=\"elementor-element elementor-element-a6dab39 elementor-section-boxed elementor-section-height-default elementor-section-height-default elementor-section elementor-top-section\" data-id=\"a6dab39\" data-element_type=\"section\">\n\t\t\t\t\t\t<div class=\"elementor-container elementor-column-gap-default\">\n\t\t\t\t<div class=\"elementor-row\">\n\t\t\t\t<div class=\"elementor-element elementor-element-c411655 elementor-column elementor-col-50 elementor-top-column\" data-id=\"c411655\" data-element_type=\"column\" data-settings=\"{&quot;background_background&quot;:&quot;classic&quot;}\">\n\t\t\t<div class=\"elementor-column-wrap  elementor-element-populated\">\n\t\t\t\t\t<div class=\"elementor-widget-wrap\">\n\t\t\t\t<div class=\"elementor-element elementor-element-1754285 elementor-widget elementor-widget-wp-widget-nav_menu\" data-id=\"1754285\" data-element_type=\"widget\" data-widget_type=\"wp-widget-nav_menu.default\">\n\t\t\t\t<div class=\"elementor-widget-container\">\n\t\t\t<div class=\"menu-menu-boczne-container\"><ul id=\"menu-menu-boczne\" class=\"menu\"><li id=\"menu-item-269\" class=\"menu-item menu-item-type-post_type menu-item-object-page menu-item-269\"><a href=\"https:\/\/esdentstomatologia.pl\/index.php\/oferta\/\">Stomatologia zachowawcza<\/a><\/li>\n<li id=\"menu-item-268\" class=\"menu-item menu-item-type-post_type menu-item-object-page menu-item-268\"><a href=\"https:\/\/esdentstomatologia.pl\/index.php\/stomatologia-dziecieca\/\">Stomatologia dzieci\u0119ca<\/a><\/li>\n<li id=\"menu-item-265\" class=\"menu-item menu-item-type-post_type menu-item-object-page menu-item-265\"><a href=\"https:\/\/esdentstomatologia.pl\/index.php\/profilaktyka\/\">Profilaktyka<\/a><\/li>\n<li id=\"menu-item-264\" class=\"menu-item menu-item-type-post_type menu-item-object-page menu-item-264\"><a href=\"https:\/\/esdentstomatologia.pl\/index.php\/stomatologia-estetyczna\/\">Stomatologia estetyczna<\/a><\/li>\n<li id=\"menu-item-267\" class=\"menu-item menu-item-type-post_type menu-item-object-page menu-item-267\"><a href=\"https:\/\/esdentstomatologia.pl\/index.php\/leczenie-kanalowe\/\">Endodoncja-leczenie kana\u0142owe<\/a><\/li>\n<li id=\"menu-item-263\" class=\"menu-item menu-item-type-post_type menu-item-object-page menu-item-263\"><a href=\"https:\/\/esdentstomatologia.pl\/index.php\/protetyka\/\">Protetyka<\/a><\/li>\n<li id=\"menu-item-262\" class=\"menu-item menu-item-type-post_type menu-item-object-page menu-item-262\"><a href=\"https:\/\/esdentstomatologia.pl\/index.php\/ortodoncja\/\">Ortodoncja<\/a><\/li>\n<li id=\"menu-item-261\" class=\"menu-item menu-item-type-post_type menu-item-object-page menu-item-261\"><a href=\"https:\/\/esdentstomatologia.pl\/index.php\/chirurgia-stomatologiczna\/\">Chirurgia stomatologiczna<\/a><\/li>\n<li id=\"menu-item-266\" class=\"menu-item menu-item-type-post_type menu-item-object-page menu-item-266\"><a href=\"https:\/\/esdentstomatologia.pl\/index.php\/implantologia\/\">Implantologia<\/a><\/li>\n<li id=\"menu-item-260\" class=\"menu-item menu-item-type-post_type menu-item-object-page menu-item-260\"><a href=\"https:\/\/esdentstomatologia.pl\/index.php\/periodontologia\/\">Periodontologia<\/a><\/li>\n<li id=\"menu-item-259\" class=\"menu-item menu-item-type-post_type menu-item-object-page menu-item-259\"><a href=\"https:\/\/esdentstomatologia.pl\/index.php\/zebowe-punktowe\/\">RTG z\u0119bowe-punktowe<\/a><\/li>\n<li id=\"menu-item-258\" class=\"menu-item menu-item-type-post_type menu-item-object-page menu-item-258\"><a href=\"https:\/\/esdentstomatologia.pl\/index.php\/panoramiczne\/\">RTG panoramiczne<\/a><\/li>\n<\/ul><\/div>\t\t<\/div>\n\t\t\t\t<\/div>\n\t\t\t\t\t\t<\/div>\n\t\t\t<\/div>\n\t\t<\/div>\n\t\t\t\t<div class=\"elementor-element elementor-element-faf79f3 elementor-column elementor-col-50 elementor-top-column\" data-id=\"faf79f3\" data-element_type=\"column\">\n\t\t\t<div class=\"elementor-column-wrap  elementor-element-populated\">\n\t\t\t\t\t<div class=\"elementor-widget-wrap\">\n\t\t\t\t<div class=\"elementor-element elementor-element-7b1db70 elementor-widget elementor-widget-text-editor\" data-id=\"7b1db70\" data-element_type=\"widget\" data-widget_type=\"text-editor.default\">\n\t\t\t\t<div class=\"elementor-widget-container\">\n\t\t\t\t\t<div class=\"elementor-text-editor elementor-clearfix\"><p><strong>Ortodoncja<\/strong> \u2013 to dziedzina stomatologii, kt\u00f3ra zajmuje si\u0119 leczeniem wad zgryzu, wad szcz\u0119kowo-twarzowych\u00a0 \u00a0 \u00a0 \u00a0 \u00a0 \u00a0 \u00a0 oraz korygowaniem nieprawid\u0142owo\u015bci z\u0119bowych. Leczenie ortodontyczne przeprowadza si\u0119 u pacjent\u00f3w w ka\u017cdym wieku z powod\u00f3w profilaktycznych i estetycznych.<\/p><p>Nieprawid\u0142owo\u015bci w ustawieniu z\u0119b\u00f3w mo\u017cna zauwa\u017cy\u0107 ju\u017c po pojawieniu si\u0119 pierwszych z\u0119b\u00f3w sta\u0142ych,\u00a0 \u00a0 \u00a0 \u00a0 \u00a0 \u00a0 \u00a0 \u00a0 \u00a0 \u00a0 czyli w wieku 6 &#8211; 8 lat. Jest to najlepszy czas na kontrol\u0119 ortodontyczne bo dzi\u0119ki niej mo\u017cemy unikn\u0105\u0107 problem\u00f3w zwi\u0105zanych z pr\u00f3chnic\u0105, czy wad\u0105 wymowy naszych dzieci. Najlepszym momentem rozpocz\u0119cia leczenia ortodontycznego aparatem sta\u0142ym jest faza wzrostu, czyli wiek oko\u0142o 12 lat. W tym okresie wyniki i efekty leczenia b\u0119d\u0105 szybkie, skuteczne i d\u0142ugotrwa\u0142e.<\/p><p>Wi\u0119kszo\u015b\u0107 naszych m\u0142odych pacjent\u00f3w traktuje aparat jako element zdobi\u0105cy u\u015bmiech. Coraz cz\u0119\u015bciej osoby doros\u0142e odkrywaj\u0105 korzy\u015bci leczenia ortodontycznego. \u017baden wiek nie jest barier\u0105 do rozpocz\u0119cia leczenia ortodontycznego\u00a0 \u00a0i posiadania pi\u0119knego u\u015bmiechu.<\/p><\/div>\n\t\t\t\t<\/div>\n\t\t\t\t<\/div>\n\t\t\t\t\t\t<\/div>\n\t\t\t<\/div>\n\t\t<\/div>\n\t\t\t\t\t\t<\/div>\n\t\t\t<\/div>\n\t\t<\/section>\n\t\t\t\t\t\t<\/div>\n\t\t\t<\/div>\n\t\t<\/div>\n\t\t","protected":false},"excerpt":{"rendered":"<p>Ortodoncja Ortodoncja \u2013 to dziedzina stomatologii, kt\u00f3ra zajmuje si\u0119 leczeniem wad zgryzu, wad szcz\u0119kowo-twarzowych\u00a0 \u00a0 \u00a0 \u00a0 \u00a0 \u00a0 \u00a0 oraz korygowaniem nieprawid\u0142owo\u015bci z\u0119bowych. Leczenie ortodontyczne przeprowadza si\u0119 u pacjent\u00f3w w ka\u017cdym wieku z powod\u00f3w profilaktycznych i estetycznych. Nieprawid\u0142owo\u015bci w ustawieniu z\u0119b\u00f3w mo\u017cna zauwa\u017cy\u0107 ju\u017c po pojawieniu si\u0119 pierwszych z\u0119b\u00f3w sta\u0142ych,\u00a0 \u00a0 \u00a0 \u00a0 \u00a0 &hellip;<\/p>\n<p class=\"read-more\"> <a class=\"\" href=\"https:\/\/esdentstomatologia.pl\/index.php\/ortodoncja\/\"> <span class=\"screen-reader-text\">Ortodoncja<\/span> Read More &raquo;<\/a><\/p>\n","protected":false},"author":1,"featured_media":0,"parent":0,"menu_order":0,"comment_status":"closed","ping_status":"closed","template":"","meta":[],"_links":{"self":[{"href":"https:\/\/esdentstomatologia.pl\/index.php\/wp-json\/wp\/v2\/pages\/131"}],"collection":[{"href":"https:\/\/esdentstomatologia.pl\/index.php\/wp-json\/wp\/v2\/pages"}],"about":[{"href":"https:\/\/esdentstomatologia.pl\/index.php\/wp-json\/wp\/v2\/types\/page"}],"author":[{"embeddable":true,"href":"https:\/\/esdentstomatologia.pl\/index.php\/wp-json\/wp\/v2\/users\/1"}],"replies":[{"embeddable":true,"href":"https:\/\/esdentstomatologia.pl\/index.php\/wp-json\/wp\/v2\/comments?post=131"}],"version-history":[{"count":7,"href":"https:\/\/esdentstomatologia.pl\/index.php\/wp-json\/wp\/v2\/pages\/131\/revisions"}],"predecessor-version":[{"id":410,"href":"https:\/\/esdentstomatologia.pl\/index.php\/wp-json\/wp\/v2\/pages\/131\/revisions\/410"}],"wp:attachment":[{"href":"https:\/\/esdentstomatologia.pl\/index.php\/wp-json\/wp\/v2\/media?parent=131"}],"curies":[{"name":"wp","href":"https:\/\/api.w.org\/{rel}","templated":true}]}}