{"id":129,"date":"2020-05-10T15:59:27","date_gmt":"2020-05-10T13:59:27","guid":{"rendered":"http:\/\/esdentstomatologia.pl\/?page_id=129"},"modified":"2021-06-10T15:54:03","modified_gmt":"2021-06-10T13:54:03","slug":"protetyka","status":"publish","type":"page","link":"https:\/\/esdentstomatologia.pl\/index.php\/protetyka\/","title":{"rendered":"Protetyka"},"content":{"rendered":"\t\t<div data-elementor-type=\"wp-page\" data-elementor-id=\"129\" class=\"elementor elementor-129\" data-elementor-settings=\"[]\">\n\t\t\t<div class=\"elementor-inner\">\n\t\t\t\t<div class=\"elementor-section-wrap\">\n\t\t\t\t\t\t\t<section class=\"elementor-element elementor-element-3612cb11 elementor-section-boxed elementor-section-height-default elementor-section-height-default elementor-section elementor-top-section\" data-id=\"3612cb11\" data-element_type=\"section\">\n\t\t\t\t\t\t<div class=\"elementor-container elementor-column-gap-default\">\n\t\t\t\t<div class=\"elementor-row\">\n\t\t\t\t<div class=\"elementor-element elementor-element-12015380 elementor-column elementor-col-100 elementor-top-column\" data-id=\"12015380\" data-element_type=\"column\">\n\t\t\t<div class=\"elementor-column-wrap  elementor-element-populated\">\n\t\t\t\t\t<div class=\"elementor-widget-wrap\">\n\t\t\t\t<div class=\"elementor-element elementor-element-4a0ca732 elementor-widget elementor-widget-heading\" data-id=\"4a0ca732\" data-element_type=\"widget\" data-widget_type=\"heading.default\">\n\t\t\t\t<div class=\"elementor-widget-container\">\n\t\t\t<h2 class=\"elementor-heading-title elementor-size-default\">protetyka<\/h2>\t\t<\/div>\n\t\t\t\t<\/div>\n\t\t\t\t\t\t<\/div>\n\t\t\t<\/div>\n\t\t<\/div>\n\t\t\t\t\t\t<\/div>\n\t\t\t<\/div>\n\t\t<\/section>\n\t\t\t\t<section class=\"elementor-element elementor-element-7ba86902 elementor-section-boxed elementor-section-height-default elementor-section-height-default elementor-section elementor-top-section\" data-id=\"7ba86902\" data-element_type=\"section\">\n\t\t\t\t\t\t<div class=\"elementor-container elementor-column-gap-default\">\n\t\t\t\t<div class=\"elementor-row\">\n\t\t\t\t<div class=\"elementor-element elementor-element-6dc4a814 elementor-column elementor-col-50 elementor-top-column\" data-id=\"6dc4a814\" data-element_type=\"column\" data-settings=\"{&quot;background_background&quot;:&quot;classic&quot;}\">\n\t\t\t<div class=\"elementor-column-wrap  elementor-element-populated\">\n\t\t\t\t\t<div class=\"elementor-widget-wrap\">\n\t\t\t\t<div class=\"elementor-element elementor-element-79d67bb7 elementor-widget elementor-widget-wp-widget-nav_menu\" data-id=\"79d67bb7\" data-element_type=\"widget\" data-widget_type=\"wp-widget-nav_menu.default\">\n\t\t\t\t<div class=\"elementor-widget-container\">\n\t\t\t<div class=\"menu-menu-boczne-container\"><ul id=\"menu-menu-boczne\" class=\"menu\"><li id=\"menu-item-269\" class=\"menu-item menu-item-type-post_type menu-item-object-page menu-item-269\"><a href=\"https:\/\/esdentstomatologia.pl\/index.php\/oferta\/\">Stomatologia zachowawcza<\/a><\/li>\n<li id=\"menu-item-268\" class=\"menu-item menu-item-type-post_type menu-item-object-page menu-item-268\"><a href=\"https:\/\/esdentstomatologia.pl\/index.php\/stomatologia-dziecieca\/\">Stomatologia dzieci\u0119ca<\/a><\/li>\n<li id=\"menu-item-265\" class=\"menu-item menu-item-type-post_type menu-item-object-page menu-item-265\"><a href=\"https:\/\/esdentstomatologia.pl\/index.php\/profilaktyka\/\">Profilaktyka<\/a><\/li>\n<li id=\"menu-item-264\" class=\"menu-item menu-item-type-post_type menu-item-object-page menu-item-264\"><a href=\"https:\/\/esdentstomatologia.pl\/index.php\/stomatologia-estetyczna\/\">Stomatologia estetyczna<\/a><\/li>\n<li id=\"menu-item-267\" class=\"menu-item menu-item-type-post_type menu-item-object-page menu-item-267\"><a href=\"https:\/\/esdentstomatologia.pl\/index.php\/leczenie-kanalowe\/\">Endodoncja-leczenie kana\u0142owe<\/a><\/li>\n<li id=\"menu-item-263\" class=\"menu-item menu-item-type-post_type menu-item-object-page menu-item-263\"><a href=\"https:\/\/esdentstomatologia.pl\/index.php\/protetyka\/\">Protetyka<\/a><\/li>\n<li id=\"menu-item-262\" class=\"menu-item menu-item-type-post_type menu-item-object-page menu-item-262\"><a href=\"https:\/\/esdentstomatologia.pl\/index.php\/ortodoncja\/\">Ortodoncja<\/a><\/li>\n<li id=\"menu-item-261\" class=\"menu-item menu-item-type-post_type menu-item-object-page menu-item-261\"><a href=\"https:\/\/esdentstomatologia.pl\/index.php\/chirurgia-stomatologiczna\/\">Chirurgia stomatologiczna<\/a><\/li>\n<li id=\"menu-item-266\" class=\"menu-item menu-item-type-post_type menu-item-object-page menu-item-266\"><a href=\"https:\/\/esdentstomatologia.pl\/index.php\/implantologia\/\">Implantologia<\/a><\/li>\n<li id=\"menu-item-260\" class=\"menu-item menu-item-type-post_type menu-item-object-page menu-item-260\"><a href=\"https:\/\/esdentstomatologia.pl\/index.php\/periodontologia\/\">Periodontologia<\/a><\/li>\n<li id=\"menu-item-259\" class=\"menu-item menu-item-type-post_type menu-item-object-page menu-item-259\"><a href=\"https:\/\/esdentstomatologia.pl\/index.php\/zebowe-punktowe\/\">RTG z\u0119bowe-punktowe<\/a><\/li>\n<li id=\"menu-item-258\" class=\"menu-item menu-item-type-post_type menu-item-object-page menu-item-258\"><a href=\"https:\/\/esdentstomatologia.pl\/index.php\/panoramiczne\/\">RTG panoramiczne<\/a><\/li>\n<\/ul><\/div>\t\t<\/div>\n\t\t\t\t<\/div>\n\t\t\t\t\t\t<\/div>\n\t\t\t<\/div>\n\t\t<\/div>\n\t\t\t\t<div class=\"elementor-element elementor-element-6882b999 elementor-column elementor-col-50 elementor-top-column\" data-id=\"6882b999\" data-element_type=\"column\">\n\t\t\t<div class=\"elementor-column-wrap  elementor-element-populated\">\n\t\t\t\t\t<div class=\"elementor-widget-wrap\">\n\t\t\t\t<div class=\"elementor-element elementor-element-7e898854 elementor-widget elementor-widget-text-editor\" data-id=\"7e898854\" data-element_type=\"widget\" data-widget_type=\"text-editor.default\">\n\t\t\t\t<div class=\"elementor-widget-container\">\n\t\t\t\t\t<div class=\"elementor-text-editor elementor-clearfix\"><div><strong>Protetyka <\/strong>&#8211; to dziedzina stomatologii skupiaj\u0105ca si\u0119 na uzupe\u0142nianiu ubytk\u00f3w uz\u0119bienia przy pomocy materia\u0142u zast\u0119pczego, dostosowanego do potrzeb pacjenta. Jej nadrz\u0119dnym celem jest odtworzenie prawid\u0142owego uk\u0142adu z\u0119b\u00f3w, dzi\u0119ki czemu pacjent odzyskuje utracone funkcje \u017cucia i gryzienia, utrzymuj\u0105c przy tym niezmieniony wygl\u0105d twarzy, poniewa\u017c nie dochodzi do etapu zaniku ko\u015bci.<\/div><div>Uzupe\u0142nienia protetyczne sprawi\u0105, \u017ce Tw\u00f3j u\u015bmiech b\u0119dzie pi\u0119kniejszy ni\u017c kiedykolwiek wcze\u015bniej.<\/div><div>Aby spe\u0142ni\u0107 oczekiwania pacjent\u00f3w, wykonujemy nie tylko korony, mosty i implanty, lecz zajmujemy si\u0119 r\u00f3wnie\u017c uzupe\u0142nieniami ruchomymi.<\/div><\/div>\n\t\t\t\t<\/div>\n\t\t\t\t<\/div>\n\t\t\t\t\t\t<\/div>\n\t\t\t<\/div>\n\t\t<\/div>\n\t\t\t\t\t\t<\/div>\n\t\t\t<\/div>\n\t\t<\/section>\n\t\t\t\t\t\t<\/div>\n\t\t\t<\/div>\n\t\t<\/div>\n\t\t","protected":false},"excerpt":{"rendered":"<p>protetyka Protetyka &#8211; to dziedzina stomatologii skupiaj\u0105ca si\u0119 na uzupe\u0142nianiu ubytk\u00f3w uz\u0119bienia przy pomocy materia\u0142u zast\u0119pczego, dostosowanego do potrzeb pacjenta. Jej nadrz\u0119dnym celem jest odtworzenie prawid\u0142owego uk\u0142adu z\u0119b\u00f3w, dzi\u0119ki czemu pacjent odzyskuje utracone funkcje \u017cucia i gryzienia, utrzymuj\u0105c przy tym niezmieniony wygl\u0105d twarzy, poniewa\u017c nie dochodzi do etapu zaniku ko\u015bci.Uzupe\u0142nienia protetyczne sprawi\u0105, \u017ce Tw\u00f3j u\u015bmiech &hellip;<\/p>\n<p class=\"read-more\"> <a class=\"\" href=\"https:\/\/esdentstomatologia.pl\/index.php\/protetyka\/\"> <span class=\"screen-reader-text\">Protetyka<\/span> Read More &raquo;<\/a><\/p>\n","protected":false},"author":1,"featured_media":0,"parent":0,"menu_order":0,"comment_status":"closed","ping_status":"closed","template":"","meta":[],"_links":{"self":[{"href":"https:\/\/esdentstomatologia.pl\/index.php\/wp-json\/wp\/v2\/pages\/129"}],"collection":[{"href":"https:\/\/esdentstomatologia.pl\/index.php\/wp-json\/wp\/v2\/pages"}],"about":[{"href":"https:\/\/esdentstomatologia.pl\/index.php\/wp-json\/wp\/v2\/types\/page"}],"author":[{"embeddable":true,"href":"https:\/\/esdentstomatologia.pl\/index.php\/wp-json\/wp\/v2\/users\/1"}],"replies":[{"embeddable":true,"href":"https:\/\/esdentstomatologia.pl\/index.php\/wp-json\/wp\/v2\/comments?post=129"}],"version-history":[{"count":3,"href":"https:\/\/esdentstomatologia.pl\/index.php\/wp-json\/wp\/v2\/pages\/129\/revisions"}],"predecessor-version":[{"id":403,"href":"https:\/\/esdentstomatologia.pl\/index.php\/wp-json\/wp\/v2\/pages\/129\/revisions\/403"}],"wp:attachment":[{"href":"https:\/\/esdentstomatologia.pl\/index.php\/wp-json\/wp\/v2\/media?parent=129"}],"curies":[{"name":"wp","href":"https:\/\/api.w.org\/{rel}","templated":true}]}}