{"id":125,"date":"2020-05-10T15:57:47","date_gmt":"2020-05-10T13:57:47","guid":{"rendered":"http:\/\/esdentstomatologia.pl\/?page_id=125"},"modified":"2021-07-20T20:12:57","modified_gmt":"2021-07-20T18:12:57","slug":"profilaktyka","status":"publish","type":"page","link":"https:\/\/esdentstomatologia.pl\/index.php\/profilaktyka\/","title":{"rendered":"Profilaktyka"},"content":{"rendered":"\t\t<div data-elementor-type=\"wp-page\" data-elementor-id=\"125\" class=\"elementor elementor-125\" data-elementor-settings=\"[]\">\n\t\t\t<div class=\"elementor-inner\">\n\t\t\t\t<div class=\"elementor-section-wrap\">\n\t\t\t\t\t\t\t<section class=\"elementor-element elementor-element-26c65c20 elementor-section-boxed elementor-section-height-default elementor-section-height-default elementor-section elementor-top-section\" data-id=\"26c65c20\" data-element_type=\"section\">\n\t\t\t\t\t\t<div class=\"elementor-container elementor-column-gap-default\">\n\t\t\t\t<div class=\"elementor-row\">\n\t\t\t\t<div class=\"elementor-element elementor-element-24da917b elementor-column elementor-col-100 elementor-top-column\" data-id=\"24da917b\" data-element_type=\"column\">\n\t\t\t<div class=\"elementor-column-wrap  elementor-element-populated\">\n\t\t\t\t\t<div class=\"elementor-widget-wrap\">\n\t\t\t\t<div class=\"elementor-element elementor-element-4a65abd8 underlinedTitle elementor-widget elementor-widget-heading\" data-id=\"4a65abd8\" data-element_type=\"widget\" data-widget_type=\"heading.default\">\n\t\t\t\t<div class=\"elementor-widget-container\">\n\t\t\t<h2 class=\"elementor-heading-title elementor-size-default\">profilaktyka<\/h2>\t\t<\/div>\n\t\t\t\t<\/div>\n\t\t\t\t\t\t<\/div>\n\t\t\t<\/div>\n\t\t<\/div>\n\t\t\t\t\t\t<\/div>\n\t\t\t<\/div>\n\t\t<\/section>\n\t\t\t\t<section class=\"elementor-element elementor-element-40d4d2fb elementor-section-boxed elementor-section-height-default elementor-section-height-default elementor-section elementor-top-section\" data-id=\"40d4d2fb\" data-element_type=\"section\">\n\t\t\t\t\t\t<div class=\"elementor-container elementor-column-gap-default\">\n\t\t\t\t<div class=\"elementor-row\">\n\t\t\t\t<div class=\"elementor-element elementor-element-3a30ba96 elementor-column elementor-col-50 elementor-top-column\" data-id=\"3a30ba96\" data-element_type=\"column\" data-settings=\"{&quot;background_background&quot;:&quot;classic&quot;}\">\n\t\t\t<div class=\"elementor-column-wrap  elementor-element-populated\">\n\t\t\t\t\t<div class=\"elementor-widget-wrap\">\n\t\t\t\t<div class=\"elementor-element elementor-element-300088ef elementor-widget elementor-widget-wp-widget-nav_menu\" data-id=\"300088ef\" data-element_type=\"widget\" data-widget_type=\"wp-widget-nav_menu.default\">\n\t\t\t\t<div class=\"elementor-widget-container\">\n\t\t\t<div class=\"menu-menu-boczne-container\"><ul id=\"menu-menu-boczne\" class=\"menu\"><li id=\"menu-item-269\" class=\"menu-item menu-item-type-post_type menu-item-object-page menu-item-269\"><a href=\"https:\/\/esdentstomatologia.pl\/index.php\/oferta\/\">Stomatologia zachowawcza<\/a><\/li>\n<li id=\"menu-item-268\" class=\"menu-item menu-item-type-post_type menu-item-object-page menu-item-268\"><a href=\"https:\/\/esdentstomatologia.pl\/index.php\/stomatologia-dziecieca\/\">Stomatologia dzieci\u0119ca<\/a><\/li>\n<li id=\"menu-item-265\" class=\"menu-item menu-item-type-post_type menu-item-object-page menu-item-265\"><a href=\"https:\/\/esdentstomatologia.pl\/index.php\/profilaktyka\/\">Profilaktyka<\/a><\/li>\n<li id=\"menu-item-264\" class=\"menu-item menu-item-type-post_type menu-item-object-page menu-item-264\"><a href=\"https:\/\/esdentstomatologia.pl\/index.php\/stomatologia-estetyczna\/\">Stomatologia estetyczna<\/a><\/li>\n<li id=\"menu-item-267\" class=\"menu-item menu-item-type-post_type menu-item-object-page menu-item-267\"><a href=\"https:\/\/esdentstomatologia.pl\/index.php\/leczenie-kanalowe\/\">Endodoncja-leczenie kana\u0142owe<\/a><\/li>\n<li id=\"menu-item-263\" class=\"menu-item menu-item-type-post_type menu-item-object-page menu-item-263\"><a href=\"https:\/\/esdentstomatologia.pl\/index.php\/protetyka\/\">Protetyka<\/a><\/li>\n<li id=\"menu-item-262\" class=\"menu-item menu-item-type-post_type menu-item-object-page menu-item-262\"><a href=\"https:\/\/esdentstomatologia.pl\/index.php\/ortodoncja\/\">Ortodoncja<\/a><\/li>\n<li id=\"menu-item-261\" class=\"menu-item menu-item-type-post_type menu-item-object-page menu-item-261\"><a href=\"https:\/\/esdentstomatologia.pl\/index.php\/chirurgia-stomatologiczna\/\">Chirurgia stomatologiczna<\/a><\/li>\n<li id=\"menu-item-266\" class=\"menu-item menu-item-type-post_type menu-item-object-page menu-item-266\"><a href=\"https:\/\/esdentstomatologia.pl\/index.php\/implantologia\/\">Implantologia<\/a><\/li>\n<li id=\"menu-item-260\" class=\"menu-item menu-item-type-post_type menu-item-object-page menu-item-260\"><a href=\"https:\/\/esdentstomatologia.pl\/index.php\/periodontologia\/\">Periodontologia<\/a><\/li>\n<li id=\"menu-item-259\" class=\"menu-item menu-item-type-post_type menu-item-object-page menu-item-259\"><a href=\"https:\/\/esdentstomatologia.pl\/index.php\/zebowe-punktowe\/\">RTG z\u0119bowe-punktowe<\/a><\/li>\n<li id=\"menu-item-258\" class=\"menu-item menu-item-type-post_type menu-item-object-page menu-item-258\"><a href=\"https:\/\/esdentstomatologia.pl\/index.php\/panoramiczne\/\">RTG panoramiczne<\/a><\/li>\n<\/ul><\/div>\t\t<\/div>\n\t\t\t\t<\/div>\n\t\t\t\t\t\t<\/div>\n\t\t\t<\/div>\n\t\t<\/div>\n\t\t\t\t<div class=\"elementor-element elementor-element-7ccd3dcf elementor-column elementor-col-50 elementor-top-column\" data-id=\"7ccd3dcf\" data-element_type=\"column\">\n\t\t\t<div class=\"elementor-column-wrap  elementor-element-populated\">\n\t\t\t\t\t<div class=\"elementor-widget-wrap\">\n\t\t\t\t<div class=\"elementor-element elementor-element-1ecce185 elementor-widget elementor-widget-text-editor\" data-id=\"1ecce185\" data-element_type=\"widget\" data-widget_type=\"text-editor.default\">\n\t\t\t\t<div class=\"elementor-widget-container\">\n\t\t\t\t\t<div class=\"elementor-text-editor elementor-clearfix\"><div><strong>Profilaktyka<\/strong> &#8211; lepiej zapobiega\u0107 ni\u017c leczy\u0107&#8217;<\/div><div>to powiedzenie jest szczeg\u00f3lnie istotne w stomatologii.<\/div><div>W naszych gabinetach stosujemy dwie metody profilaktycznego oczyszczania szkliwa z\u0119b\u00f3w.<\/div><div>Pierwsz\u0105 jest skaling- to zabieg usuwania kamienia naz\u0119bnego, a drug\u0105 piaskowanie- to zabieg usuwania osad\u00f3w naz\u0119bnych.<\/div><div>U dzieci wykonujemy lakowanie- jest to wype\u0142nienie bruzd w \u015bwie\u017co wyr\u017cni\u0119tych z\u0119bach, zabezpieczaj\u0105ce je przed pr\u00f3chnic\u0105, lakierowanie- nak\u0142adanie cienkiej warstwy ochronnej wzmacniaj\u0105ce szkliwo z\u0119b\u00f3w oraz fluoryzacj\u0119, czyli dostarczanie z\u0119bom fluoru, aby podnie\u015b\u0107 ich odporno\u015b\u0107 na dzia\u0142anie kwas\u00f3w.<\/div><div>Zabiegi higienizacyjne powinny by\u0107 powtarzane w zale\u017cno\u015bci od potrzeb pacjenta co kwarta\u0142, p\u00f3\u0142 roku lub rok. W\u0142a\u015bciw\u0105 ocen\u0119 stanu jamy ustnej mo\u017cna przeprowadzi\u0107 dopiero po profesjonalnej higienizacji- jej wykonanie pozwala na ods\u0142oni\u0119cie wszystkich ubytk\u00f3w\u00a0 i ich w\u0142a\u015bciwe wype\u0142nienie.<\/div><\/div>\n\t\t\t\t<\/div>\n\t\t\t\t<\/div>\n\t\t\t\t\t\t<\/div>\n\t\t\t<\/div>\n\t\t<\/div>\n\t\t\t\t\t\t<\/div>\n\t\t\t<\/div>\n\t\t<\/section>\n\t\t\t\t<section class=\"elementor-element elementor-element-8ef8353 elementor-section-boxed elementor-section-height-default elementor-section-height-default elementor-section elementor-top-section\" data-id=\"8ef8353\" data-element_type=\"section\">\n\t\t\t\t\t\t<div class=\"elementor-container elementor-column-gap-default\">\n\t\t\t\t<div class=\"elementor-row\">\n\t\t\t\t<div class=\"elementor-element elementor-element-fdaa73f elementor-column elementor-col-100 elementor-top-column\" data-id=\"fdaa73f\" data-element_type=\"column\">\n\t\t\t<div class=\"elementor-column-wrap  elementor-element-populated\">\n\t\t\t\t\t<div class=\"elementor-widget-wrap\">\n\t\t\t\t<div class=\"elementor-element elementor-element-c956537 elementor-widget elementor-widget-html\" data-id=\"c956537\" data-element_type=\"widget\" data-widget_type=\"html.default\">\n\t\t\t\t<div class=\"elementor-widget-container\">\n\t\t\t<style>\n.underlinedTitle {\n text-decoration: underline;\n text-decoration-color: pink;\n text-decoration-thickness: 4px;\n}\n<\/style>\t\t<\/div>\n\t\t\t\t<\/div>\n\t\t\t\t\t\t<\/div>\n\t\t\t<\/div>\n\t\t<\/div>\n\t\t\t\t\t\t<\/div>\n\t\t\t<\/div>\n\t\t<\/section>\n\t\t\t\t\t\t<\/div>\n\t\t\t<\/div>\n\t\t<\/div>\n\t\t","protected":false},"excerpt":{"rendered":"<p>profilaktyka Profilaktyka &#8211; lepiej zapobiega\u0107 ni\u017c leczy\u0107&#8217;to powiedzenie jest szczeg\u00f3lnie istotne w stomatologii.W naszych gabinetach stosujemy dwie metody profilaktycznego oczyszczania szkliwa z\u0119b\u00f3w.Pierwsz\u0105 jest skaling- to zabieg usuwania kamienia naz\u0119bnego, a drug\u0105 piaskowanie- to zabieg usuwania osad\u00f3w naz\u0119bnych.U dzieci wykonujemy lakowanie- jest to wype\u0142nienie bruzd w \u015bwie\u017co wyr\u017cni\u0119tych z\u0119bach, zabezpieczaj\u0105ce je przed pr\u00f3chnic\u0105, lakierowanie- nak\u0142adanie cienkiej &hellip;<\/p>\n<p class=\"read-more\"> <a class=\"\" href=\"https:\/\/esdentstomatologia.pl\/index.php\/profilaktyka\/\"> <span class=\"screen-reader-text\">Profilaktyka<\/span> Read More &raquo;<\/a><\/p>\n","protected":false},"author":1,"featured_media":0,"parent":0,"menu_order":0,"comment_status":"closed","ping_status":"closed","template":"","meta":[],"_links":{"self":[{"href":"https:\/\/esdentstomatologia.pl\/index.php\/wp-json\/wp\/v2\/pages\/125"}],"collection":[{"href":"https:\/\/esdentstomatologia.pl\/index.php\/wp-json\/wp\/v2\/pages"}],"about":[{"href":"https:\/\/esdentstomatologia.pl\/index.php\/wp-json\/wp\/v2\/types\/page"}],"author":[{"embeddable":true,"href":"https:\/\/esdentstomatologia.pl\/index.php\/wp-json\/wp\/v2\/users\/1"}],"replies":[{"embeddable":true,"href":"https:\/\/esdentstomatologia.pl\/index.php\/wp-json\/wp\/v2\/comments?post=125"}],"version-history":[{"count":6,"href":"https:\/\/esdentstomatologia.pl\/index.php\/wp-json\/wp\/v2\/pages\/125\/revisions"}],"predecessor-version":[{"id":414,"href":"https:\/\/esdentstomatologia.pl\/index.php\/wp-json\/wp\/v2\/pages\/125\/revisions\/414"}],"wp:attachment":[{"href":"https:\/\/esdentstomatologia.pl\/index.php\/wp-json\/wp\/v2\/media?parent=125"}],"curies":[{"name":"wp","href":"https:\/\/api.w.org\/{rel}","templated":true}]}}